{"id":324,"date":"2016-01-06T09:37:51","date_gmt":"2016-01-06T08:37:51","guid":{"rendered":"http:\/\/consulting.stylemixthemes.com\/demo\/?page_id=324"},"modified":"2021-09-28T15:29:04","modified_gmt":"2021-09-28T13:29:04","slug":"simuler-credit","status":"publish","type":"page","link":"http:\/\/localhost\/Alphabank\/simuler-credit\/","title":{"rendered":"Simulateur de Cr\u00e9dit"},"content":{"rendered":"<p>[vc_row][vc_column][vc_column_text]<script type=\"text\/javascript\">lrc__rates[\"lrc\"] = {\"formheader\":\"Simuler un Emprunt\",\"currency\":\"Euros\",\"ba\":\"after\",\"separator\":\"comma\",\"decimals\":\"float\",\"rounding\":\"noround\",\"loanlabel\":\"Combien vouliez vous emprunter ? \",\"loanmin\":5000,\"loanmax\":1000000,\"loaninitial\":5000,\"loanstep\":5000,\"termlabel\":\"Dur\\u00e9e de l'emprunt\",\"period\":\"months\",\"periodmin\":6,\"periodmax\":360,\"periodinitial\":6,\"periodstep\":1,\"singleperiodlabel\":\"Mois\",\"periodlabel\":\"Mois\",\"adminfeevalue\":0,\"adminfeetype\":\"fixed\",\"adminfeemin\":0,\"adminfeemax\":0,\"adminfeewhen\":\"beforeinterest\",\"termfeevalue\":0,\"primary\":3,\"secondary\":3,\"trigger\":50000,\"creditselectorlabel\":\"Votre score de cr\\u00e9dit\",\"initialrating\":4,\"triggers\":[{\"name\":\"Bas\",\"low\":3},{\"name\":\"Moyenne\",\"low\":3},{\"name\":\"Bon\",\"low\":3},{\"name\":\"Tr\\u00e8s bon\",\"low\":3},{\"name\":\"Excellent\",\"low\":3}],\"repaymentperiod\":\"rmonths\",\"applynowlabel\":\"Demander un pr\\u00eat maintenant\",\"applynowaction\":false,\"querystructure\":\"?amount=[amount]&term=[term]\",\"sort\":\"principal,term,rate,rating,interest,processing,repayment,grandtotal\",\"input-background\":\"#FFFFFF\",\"input-colour\":0,\"slider-colour\":\"#CCCCCC\",\"output-background\":0,\"output-colour\":\"#FFFFFF\",\"apply-background\":0,\"hover-background\":0,\"apply-label\":\"#FFFFFF\",\"excellent-colour\":0,\"verygood-colour\":0,\"good-colour\":0,\"fair-colour\":0,\"poor-colour\":0,\"currencyspace\":true,\"decimalcomma\":false,\"adminfee\":false,\"applynow\":true,\"showtermmarkers\":false,\"showloanmarkers\":false,\"usecreditselector\":true,\"termfee\":false,\"applynowquery\":false,\"nominalapr\":false,\"output-strong\":true,\"useprincipal\":true,\"principalcaption\":\"Montant du pr\\u00eat\",\"useterm\":true,\"termcaption\":\"Dur\\u00e9e du pr\\u00eat\",\"userate\":true,\"ratecaption\":\"Int\\u00e9r\\u00eat\",\"userating\":true,\"ratingcaption\":\"Score de cr\\u00e9dit\",\"useinterest\":true,\"interestcaption\":\"Int\\u00e9r\\u00eat \\u00e0 payer\",\"useprocessing\":true,\"processingcaption\":\"Traitement\",\"userepayment\":true,\"repaymentcaption\":\"Montant du remboursement\",\"usegrandtotal\":true,\"grandtotalcaption\":\"Total \\u00e0 payer\",\"output-padding\":3,\"ca\":\"Euros\",\"cb\":\" \"};lrc_form = \"N\\\/A\";<\/script><form action=\"\" class=\"lrc_form\" method=\"POST\" id=\"lrc\"><h2>Simuler un Emprunt<\/h2><div class=\"lrc-sections lrc-float\"><div class=\"lrc-inputs\"><div class=\"range lrc-slider-principal\"><div class=\"lrc-slider-label\">Combien vouliez vous emprunter ? <\/div><div class=\"lrc_slider_output\"><div class=\"output-pad\"><span class=\"lrc-down circle-control\"><\/span><span class=\"output-values\"><output><\/output><\/span><span class=\"lrc-up circle-control\"><\/span><\/div><\/div><input type=\"range\" name=\"loan-amount\" min=\"5000\" max=\"1000000\" value=\"5000\" step=\"5000\" data-lrc><\/div><div class=\"lrc-slider-label\">Dur\u00e9e de l'emprunt<\/div><div class=\"range lrc-slider-term\"><div class=\"lrc_slider_output\"><div class=\"output-pad\"><span class=\"lrc-down circle-control\"><\/span><span class=\"output-values\"><output><\/output><\/span><span class=\"lrc-up circle-control\"><\/span><\/div><\/div><input type=\"range\" name=\"loan-period\" min=\"6\" max=\"360\" value=\"6\" step=\"1\" data-lrc><\/div><div class=\"lrc-slider-label\">Votre score de cr\u00e9dit:<\/div><div class=\"creditscore\"><input type=\"radio\" name=\"creditselector\" value=\"0\"  id=\"Bas\"><label for=\"Bas\" class=\"poor\">Bas<\/label><input type=\"radio\" name=\"creditselector\" value=\"1\"  id=\"Moyenne\"><label for=\"Moyenne\" class=\"fair\">Moyenne<\/label><input type=\"radio\" name=\"creditselector\" value=\"2\"  id=\"Bon\"><label for=\"Bon\" class=\"good\">Bon<\/label><input type=\"radio\" name=\"creditselector\" value=\"3\"  id=\"Tr\u00e8s bon\"><label for=\"Tr\u00e8s bon\" class=\"verygood\">Tr\u00e8s bon<\/label><input type=\"radio\" name=\"creditselector\" value=\"4\" checked=\"checked\" id=\"Excellent\"><label for=\"Excellent\" class=\"excellent\">Excellent<\/label><\/div><div style=\"clear:both\"><\/div><\/div><div class=\"lrc-outputs\"><table class=\"output-table\"><tr><td class=\"table-label\">Montant du pr\u00eat<\/td><td class=\"values-colour table-output\"><strong><span class=\"principal\"><\/span><\/strong><\/td><\/tr><tr><td class=\"table-label\">Dur\u00e9e du pr\u00eat<\/td><td class=\"values-colour table-output\"><strong><span class=\"term\"><\/span><\/strong><\/td><\/tr><tr><td class=\"table-label\">Int\u00e9r\u00eat<\/td><td class=\"values-colour table-output\"><strong><span class=\"rate\"><\/span><\/strong><\/td><\/tr><tr><td class=\"table-label\">Score de cr\u00e9dit<\/td><td class=\"values-colour table-output\"><strong><span class=\"rating\"><\/span><\/strong><\/td><\/tr><tr><td class=\"table-label\">Int\u00e9r\u00eat \u00e0 payer<\/td><td class=\"values-colour table-output\"><strong><span class=\"interest\"><\/span><\/strong><\/td><\/tr><tr><td class=\"table-label\">Traitement<\/td><td class=\"values-colour table-output\"><strong><span class=\"processing\"><\/span><\/strong><\/td><\/tr><tr><td class=\"table-label\">Montant du remboursement<\/td><td class=\"values-colour table-output\"><strong><span class=\"repayment\"><\/span><\/strong><\/td><\/tr><tr><td class=\"table-label\">Total \u00e0 payer<\/td><td class=\"values-colour table-output\"><strong><span class=\"grandtotal\"><\/span><\/strong><\/td><\/tr><\/table><\/div><\/div><div class=\"ltc_register\"><input type=\"submit\" class=\"submit\" name=\"lrcapply\" onclick=\"this.value='Processing'\" value=\"Demander un pr\u00eat maintenant\" \/><\/div><\/form>[\/vc_column_text][\/vc_column][\/vc_row]<\/p>\n","protected":false},"excerpt":{"rendered":"<p>[vc_row][vc_column][vc_column_text][\/vc_column_text][\/vc_column][\/vc_row]<\/p>\n","protected":false},"author":1,"featured_media":0,"parent":0,"menu_order":0,"comment_status":"closed","ping_status":"closed","template":"","meta":[],"_links":{"self":[{"href":"http:\/\/localhost\/Alphabank\/wp-json\/wp\/v2\/pages\/324"}],"collection":[{"href":"http:\/\/localhost\/Alphabank\/wp-json\/wp\/v2\/pages"}],"about":[{"href":"http:\/\/localhost\/Alphabank\/wp-json\/wp\/v2\/types\/page"}],"author":[{"embeddable":true,"href":"http:\/\/localhost\/Alphabank\/wp-json\/wp\/v2\/users\/1"}],"replies":[{"embeddable":true,"href":"http:\/\/localhost\/Alphabank\/wp-json\/wp\/v2\/comments?post=324"}],"version-history":[{"count":4,"href":"http:\/\/localhost\/Alphabank\/wp-json\/wp\/v2\/pages\/324\/revisions"}],"predecessor-version":[{"id":7144,"href":"http:\/\/localhost\/Alphabank\/wp-json\/wp\/v2\/pages\/324\/revisions\/7144"}],"wp:attachment":[{"href":"http:\/\/localhost\/Alphabank\/wp-json\/wp\/v2\/media?parent=324"}],"curies":[{"name":"wp","href":"https:\/\/api.w.org\/{rel}","templated":true}]}}