{"id":1071,"date":"2015-12-14T07:14:55","date_gmt":"2015-12-14T06:14:55","guid":{"rendered":"http:\/\/consulting.stylemixthemes.com\/demo\/?page_id=2"},"modified":"2021-09-28T16:53:50","modified_gmt":"2021-09-28T14:53:50","slug":"accueil","status":"publish","type":"page","link":"http:\/\/localhost\/Alphabank\/","title":{"rendered":"Accueil"},"content":{"rendered":"<p>[vc_row][vc_column][rev_slider_vc alias=&#8221;Home&#8221;][\/vc_column][\/vc_row][vc_row full_width=&#8221;stretch_row&#8221; css=&#8221;.vc_custom_1555483435413{background-color: rgba(0,46,91,0.75) !important;*background-color: rgb(0,46,91) !important;}&#8221;][vc_column][vc_custom_heading stripe_pos=&#8221;hide&#8221; stm_title_font_weight=&#8221;500&#8243; text=&#8221;Le cr\u00e9dit, en plus simple&#8221; font_container=&#8221;tag:h2|text_align:center|color:%23ffffff&#8221; use_theme_fonts=&#8221;yes&#8221; subtitle_color=&#8221;#ffffff&#8221;][vc_column_text]<\/p>\n<p style=\"text-align: center; font-size: 15px; text-transform: uppercase;\"><span style=\"color: #ffffff;\"><strong>FRANCLOAN vous propose des solutions adapt\u00e9es pour vos probl\u00e8mes de cr\u00e9dit et vous financements. Vous vous interrogez sur un de nos produits ou services ? N&#8217;h\u00e9sitez pas \u00e0 nous contacter pour entrer en contact avec l&#8217;un de nos conseillers.<\/strong><\/span><\/p>\n<p>[\/vc_column_text][vc_empty_space][\/vc_column][\/vc_row][vc_row css=&#8221;.vc_custom_1547623783077{background-color: #ffffff !important;}&#8221;][vc_column][stm_spacing lg_spacing=&#8221;100&#8243; md_spacing=&#8221;100&#8243; sm_spacing=&#8221;65&#8243; xs_spacing=&#8221;65&#8243;][vc_custom_heading text=&#8221;Services&#8221; font_container=&#8221;tag:h2|text_align:center&#8221; use_theme_fonts=&#8221;yes&#8221;][stm_spacing lg_spacing=&#8221;30&#8243; md_spacing=&#8221;30&#8243; sm_spacing=&#8221;18&#8243; xs_spacing=&#8221;12&#8243;][stm_animation_block animation=&#8221;fadeIn&#8221; animation_duration=&#8221;2&#8243; animation_delay=&#8221;0&#8243;][stm_services posts_per_page=&#8221;3&#8243; posts_per_row=&#8221;3&#8243; category=&#8221;audit&#8221; img_size=&#8221;740&#215;440&#8243; style=&#8221;style_6&#8243;][\/stm_animation_block][stm_spacing lg_spacing=&#8221;69&#8243; md_spacing=&#8221;69&#8243; sm_spacing=&#8221;60&#8243; xs_spacing=&#8221;60&#8243;][\/vc_column][\/vc_row][vc_row full_width=&#8221;stretch_row&#8221; css=&#8221;.vc_custom_1632740032763{background-color: #1e73be !important;background-position: center !important;background-repeat: no-repeat !important;background-size: cover !important;}&#8221; el_class=&#8221;overlay_4 fixed_bg&#8221;][vc_column][stm_spacing lg_spacing=&#8221;75&#8243; md_spacing=&#8221;75&#8243; sm_spacing=&#8221;60&#8243; xs_spacing=&#8221;60&#8243;][vc_custom_heading stripe_pos=&#8221;hide&#8221; text=&#8221;PROCESSUS DE DEMANDE RAPIDE ET FACILE&#8221; font_container=&#8221;tag:h2|text_align:center|color:%23ffffff|line_height:64px&#8221; use_theme_fonts=&#8221;yes&#8221; subtitle=&#8221;Notre objectif est de vous aider \u00e0 atteindre votre prochain objectif financier : des taux avantageux, des frais r\u00e9duits, un service sans pr\u00e9c\u00e9dent et une aide exceptionnelle pour les pr\u00eats.&#8221; stripe_hide=&#8221;yes&#8221; subtitle_color=&#8221;#ffffff&#8221;][stm_spacing lg_spacing=&#8221;67&#8243; md_spacing=&#8221;67&#8243; sm_spacing=&#8221;60&#8243; xs_spacing=&#8221;60&#8243;][\/vc_column][\/vc_row][vc_row css=&#8221;.vc_custom_1549356784354{margin-top: -5px !important;}&#8221;][vc_column css_animation=&#8221;none&#8221;][stm_spacing lg_spacing=&#8221;71&#8243; md_spacing=&#8221;71&#8243; sm_spacing=&#8221;60&#8243; xs_spacing=&#8221;60&#8243;][vc_custom_heading stripe_pos=&#8221;hide&#8221; text=&#8221;Pourquoi les gens nous choisissent ?&#8221; font_container=&#8221;tag:h4|font_size:30px|text_align:center&#8221; use_theme_fonts=&#8221;yes&#8221; el_class=&#8221;third_font_color&#8221; css=&#8221;.vc_custom_1632740553099{margin-bottom: 35px !important;}&#8221;][vc_column_text css=&#8221;.vc_custom_1632742044513{margin-bottom: 0px !important;}&#8221;]<\/p>\n<p style=\"text-align: center;\"><strong><span style=\"color: #777777;\">Nous savons comment vous guider efficacement tout au long du processus de pr\u00eat ou de financement et \u00e9viter les probl\u00e8mes potentiels en cours de route.<\/span><\/strong><\/p>\n<p>&nbsp;[\/vc_column_text][vc_row_inner content_placement=&#8221;top&#8221;][vc_column_inner width=&#8221;1\/3&#8243;][vc_icon icon_fontawesome=&#8221;fas fa-file-alt&#8221; background_style=&#8221;rounded-outline&#8221; size=&#8221;xl&#8221; align=&#8221;center&#8221; css_animation=&#8221;bounceIn&#8221;][vc_custom_heading text=&#8221;Documents Minimum&#8221; font_container=&#8221;tag:h4|text_align:center&#8221; use_theme_fonts=&#8221;yes&#8221;][\/vc_column_inner][vc_column_inner width=&#8221;1\/3&#8243;][vc_icon icon_fontawesome=&#8221;stm-amsterdam-lightning&#8221; background_style=&#8221;rounded-outline&#8221; size=&#8221;xl&#8221; align=&#8221;center&#8221; css_animation=&#8221;bounceIn&#8221;][vc_custom_heading text=&#8221;Rapide et S\u00e9curis\u00e9&#8221; font_container=&#8221;tag:h4|text_align:center&#8221; use_theme_fonts=&#8221;yes&#8221;][\/vc_column_inner][vc_column_inner width=&#8221;1\/3&#8243;][vc_icon type=&#8221;openiconic&#8221; icon_openiconic=&#8221;vc-oi vc-oi-chat&#8221; background_style=&#8221;rounded-outline&#8221; size=&#8221;xl&#8221; align=&#8221;center&#8221; css_animation=&#8221;bounceIn&#8221;][vc_custom_heading text=&#8221;Sp\u00e9cialiste d\u00e9di\u00e9&#8221; font_container=&#8221;tag:h4|text_align:center&#8221; use_theme_fonts=&#8221;yes&#8221;][\/vc_column_inner][\/vc_row_inner][vc_empty_space height=&#8221;20px&#8221;][vc_custom_heading stripe_pos=&#8221;hide&#8221; text=&#8221;Questions fr\u00e9quemment pos\u00e9es&#8221; font_container=&#8221;tag:h4|font_size:30px|text_align:center&#8221; use_theme_fonts=&#8221;yes&#8221; el_class=&#8221;third_font_color&#8221; css=&#8221;.vc_custom_1632759532592{margin-bottom: 35px !important;}&#8221; subtitle=&#8221;Notre mission est de fournir des informations et des opinions fiables et les plus r\u00e9centes.&#8221;][\/vc_column][\/vc_row][vc_row][vc_column width=&#8221;1\/2&#8243;][vc_tta_accordion][vc_tta_section title=&#8221;Quelles sont les conditions \u00e0 remplir pour demander un cr\u00e9dit ?&#8221; tab_id=&#8221;1632759575789-6ca1c0fe-9807&#8243;][vc_column_text]De nombreux param\u00e8tres sont pris en compte dans l\u2019analyse d\u2019une demande de pr\u00eat et chaque demande fait l\u2019objet d\u2019une \u00e9tude personnalis\u00e9e, conform\u00e9ment \u00e0 la loi. Nous v\u00e9rifions notamment que l\u2019offre est bien adapt\u00e9e \u00e0 votre besoin et \u00e0 votre situation financi\u00e8re (capacit\u00e9 d\u2019emprunt).[\/vc_column_text][\/vc_tta_section][vc_tta_section title=&#8221;Comment suivre l&#8217;avanc\u00e9e de ma demande ?&#8221; tab_id=&#8221;1632759575790-0e37a3ec-dab8&#8243;][vc_column_text]Si votre dossier est complet, vous devriez recevoir une r\u00e9ponse rapide.<\/p>\n<p>Pour obtenir plus d&#8217;informations sur l&#8217;\u00e9tat de votre demande, vous pouvez nous contacter par email ou via Whatsapp pour vous assurer qu&#8217;aucun document n&#8217;a \u00e9t\u00e9 invalid\u00e9 par nos services.[\/vc_column_text][\/vc_tta_section][\/vc_tta_accordion][\/vc_column][vc_column width=&#8221;1\/2&#8243;][vc_tta_accordion][vc_tta_section title=&#8221;Quelles sont les pi\u00e8ces \u00e0 fournir pour une demande ?&#8221; tab_id=&#8221;1632759587106-2e90fbfb-5c74&#8243;][vc_column_text]Selon le montant de votre demande, les pi\u00e8ces \u00e0 fournir varient. L\u2019ensemble des pi\u00e8ces \u00e0 fournir vous sera communiqu\u00e9 suite \u00e0 votre saisie du dossier.<\/p>\n<p>Nous serons amen\u00e9s \u00e0 vous demander une pi\u00e8ce d\u2019identit\u00e9, un justificatif de domicile et un relev\u00e9 d\u2019identit\u00e9 bancaire.[\/vc_column_text][\/vc_tta_section][vc_tta_section title=&#8221;Comment faire pour avoir mes fonds le plus rapidement possible ?&#8221; tab_id=&#8221;1632759587107-c7c354f4-5562&#8243;][vc_column_text]Pour obtenir les fonds le plus rapidement possible, voici quelques conseils simples tir\u00e9s de notre exp\u00e9rience du traitement de dizaines de milliers de dossiers de cr\u00e9dit:<\/p>\n<p>V\u00e9rifiez que votre dossier est parfaitement complet, c\u2019est-\u00e0-dire qu\u2019il contient toutes les pi\u00e8ces justificatives demand\u00e9es (soyez particuli\u00e8rement vigilant \u00e0 cela\u00a0!).<\/p>\n<p>Par la suite,\u00a0<strong>signez votre contrat<\/strong> en renseignant votre num\u00e9ro de t\u00e9l\u00e9phone personnel afin de confirmer la signature. <strong>Une fois votre dossier \u00e9tudi\u00e9, vous recevrez les fonds en un temps record\u00a0<\/strong>(apr\u00e8s acceptation d\u00e9finitive de votre dossier et dans le respect du d\u00e9lai l\u00e9gal de r\u00e9tractation) ![\/vc_column_text][\/vc_tta_section][\/vc_tta_accordion][\/vc_column][\/vc_row][vc_row][vc_column][stm_spacing lg_spacing=&#8221;71&#8243; md_spacing=&#8221;71&#8243; sm_spacing=&#8221;60&#8243; xs_spacing=&#8221;60&#8243;][vc_custom_heading stripe_pos=&#8221;hide&#8221; text=&#8221;Nos Clients t\u00e9moignent&#8221; font_container=&#8221;tag:h4|font_size:30px|text_align:center&#8221; use_theme_fonts=&#8221;yes&#8221; el_class=&#8221;third_font_color&#8221; css=&#8221;.vc_custom_1632742568265{margin-bottom: 35px !important;}&#8221; subtitle=&#8221;D\u00e9couvrez ce que nos clients ont \u00e0 dire sur les services de FRANCLOAN&#8221;][stm_testimonials_carousel count=&#8221;4&#8243; per_row=&#8221;2&#8243; autoplay_carousel=&#8221;yes&#8221; disable_carousel_arrows=&#8221;yes&#8221;][stm_spacing lg_spacing=&#8221;71&#8243; md_spacing=&#8221;71&#8243; sm_spacing=&#8221;60&#8243; xs_spacing=&#8221;60&#8243;][vc_separator color=&#8221;blue&#8221; border_width=&#8221;2&#8243;][\/vc_column][\/vc_row]<\/p>\n","protected":false},"excerpt":{"rendered":"<p>[vc_row][vc_column][rev_slider_vc alias=&#8221;Home&#8221;][\/vc_column][\/vc_row][vc_row full_width=&#8221;stretch_row&#8221; css=&#8221;.vc_custom_1555483435413{background-color: rgba(0,46,91,0.75) !important;*background-color: rgb(0,46,91) !important;}&#8221;][vc_column][vc_custom_heading stripe_pos=&#8221;hide&#8221; stm_title_font_weight=&#8221;500&#8243; text=&#8221;Le cr\u00e9dit, en plus simple&#8221; font_container=&#8221;tag:h2|text_align:center|color:%23ffffff&#8221; use_theme_fonts=&#8221;yes&#8221; subtitle_color=&#8221;#ffffff&#8221;][vc_column_text] FRANCLOAN vous propose des solutions adapt\u00e9es pour vos probl\u00e8mes de cr\u00e9dit et vous financements. Vous vous interrogez sur un de nos produits ou services ? N&#8217;h\u00e9sitez pas \u00e0 nous contacter pour entrer en contact avec l&#8217;un de<\/p>\n","protected":false},"author":1,"featured_media":0,"parent":0,"menu_order":0,"comment_status":"closed","ping_status":"closed","template":"","meta":[],"_links":{"self":[{"href":"http:\/\/localhost\/Alphabank\/wp-json\/wp\/v2\/pages\/1071"}],"collection":[{"href":"http:\/\/localhost\/Alphabank\/wp-json\/wp\/v2\/pages"}],"about":[{"href":"http:\/\/localhost\/Alphabank\/wp-json\/wp\/v2\/types\/page"}],"author":[{"embeddable":true,"href":"http:\/\/localhost\/Alphabank\/wp-json\/wp\/v2\/users\/1"}],"replies":[{"embeddable":true,"href":"http:\/\/localhost\/Alphabank\/wp-json\/wp\/v2\/comments?post=1071"}],"version-history":[{"count":12,"href":"http:\/\/localhost\/Alphabank\/wp-json\/wp\/v2\/pages\/1071\/revisions"}],"predecessor-version":[{"id":7152,"href":"http:\/\/localhost\/Alphabank\/wp-json\/wp\/v2\/pages\/1071\/revisions\/7152"}],"wp:attachment":[{"href":"http:\/\/localhost\/Alphabank\/wp-json\/wp\/v2\/media?parent=1071"}],"curies":[{"name":"wp","href":"https:\/\/api.w.org\/{rel}","templated":true}]}}